{"id":4361,"date":"2019-06-07T16:33:17","date_gmt":"2019-06-07T16:33:17","guid":{"rendered":"https:\/\/www.okler.net\/ezy\/wordpress\/multi-purpose-1\/?page_id=4561"},"modified":"2022-03-07T14:21:44","modified_gmt":"2022-03-07T14:21:44","slug":"quiensoy","status":"publish","type":"page","link":"https:\/\/maralopezwortzman.com.ar\/index.php\/quiensoy\/","title":{"rendered":"QUIEN SOY"},"content":{"rendered":"<p>[vc_row content_placement=\u00bbmiddle\u00bb css=\u00bb.vc_custom_1586372938378{padding-top: 80px !important;padding-bottom: 90px !important;}\u00bb][vc_column margin_spacement_md=\u00bb0px \/ 0px \/ 0px \/ 0px\u00bb margin_spacement_xs=\u00bb0px \/ 0px \/ 50px \/ 0px\u00bb custom_spacement_margin_id=\u00bb5e8e1e13cbbbc\u00bb offset=\u00bbvc_col-md-6&#8243;]<div  class=\"ezy-heading text-left  appear-animation\" data-appear-animation=\"fadeInUpShorter\" data-appear-animation-delay=\"200\" data-appear-animation-duration=\"750ms\"><h2 class=\"ezy-text-tag main-heading-text font-weight-bold has-skin-text-color \" style=\"margin-bottom: 15px;\">Dra Mara L\u00f3pez Wortzman<\/h2><\/div>[vc_column_text css_animation=\u00bbfadeInUpShorter\u00bb css_animation_delay=\u00bb250&#8243; css=\u00bb.vc_custom_1600750210039{margin-bottom: 15px !important;}\u00bb]<span style=\"vertical-align: inherit;\"><span style=\"vertical-align: inherit;\"><span style=\"vertical-align: inherit;\"><span style=\"vertical-align: inherit;\"><span style=\"vertical-align: inherit;\"><span style=\"vertical-align: inherit;\">Ha sido premiada en m\u00faltiples Congresos Nacionales e Internacionales en las \u00e1reas de Medicina Interna y Geriatr\u00eda. Fue becada por la OPS\u00a0 para realizar cursos de perfeccionamiento en Geriatr\u00eda. <\/span><\/span><\/span><\/span><\/span><\/span>Efectu\u00f3 rotaciones en el <em>St. Joseph\u00b4s Hospital<\/em>\u00a0y\u00a0<em>Mc. Master University.\u00a0<\/em>Medicina Basada en Evidencia. Hamilton, Canad\u00e1 y en el <em>Royal London Homeopathic Hospital,<\/em>\u00a0Londres, Inglaterra.<\/p>\n<p>Particip\u00f3 como autora de cap\u00edtulos del PROAMI (programa de actualizaci\u00f3n de Medicina Interna) y actualmente escribe cap\u00edtulos para el PROCAM (programa de actualizaci\u00f3n en Cuidados del Adulto Mayor).<\/p>\n<p><span style=\"vertical-align: inherit;\"><span style=\"vertical-align: inherit;\"><span style=\"vertical-align: inherit;\"><span style=\"vertical-align: inherit;\"><span style=\"vertical-align: inherit;\"><span style=\"vertical-align: inherit;\">Ha sido docente de la Carrera de Medicina (UBA) en Semiolog\u00eda y Medicina Interna y docente a distancia de la Universidad Cat\u00f3lica de Salta (Faculta de Medicina).<\/span><\/span><\/span><\/span><\/span><\/span><\/p>\n<p><span style=\"vertical-align: inherit;\"><span style=\"vertical-align: inherit;\"><span style=\"vertical-align: inherit;\"><span style=\"vertical-align: inherit;\">En la actualidad es docente de la carrera de Geriatr\u00eda en la Patagonia (jefa de trabajos pr\u00e1cticos).<\/span><\/span><\/span><\/span>[\/vc_column_text]<div  class=\"ezy-button d-inline-block  appear-animation\" data-appear-animation=\"fadeInUpShorter\" data-appear-animation-delay=\"750\" data-appear-animation-duration=\"750ms\"><a href=\"http:\/\/maralopezwortzman.com.ar\/index.php\/layouts-full-width\/\" title=\"Layouts \u2013 Full Width\" target=\"_self\"  class=\"btn align-items-center no-skin border-0 custom-btn-gradient btn-primary btn-rounded font-weight-bold\"  style=\"background: linear-gradient(135deg, #2e368f 0%, #2e368f 80%); color: #ffffff; font-size: 12px; padding: 11.076px 54.153px;\">VER CURRICULUM VITAE<\/a><\/div>[\/vc_column][vc_column css_animation=\u00bbfadeInUpShorter\u00bb width=\u00bb5\/6&#8243; css_animation_delay=\u00bb350&#8243; offset=\u00bbvc_col-md-offset-1 vc_col-md-5 vc_col-sm-offset-0 vc_col-xs-offset-1 vc_col-xs-10&#8243;][vc_message icon_fontawesome=\u00bbfas fa-graduation-cap\u00bb]<\/p>\n<h3><u>Menciones<\/u>:<\/h3>\n<h6><strong>2022-2021<\/strong>\u00a0 \u00a0 Reelecci\u00f3n como Presidente de la Sociedad de Medicina Interna (SAM). Distrito Bariloche.<\/h6>\n<h6><strong>2021<\/strong>\u00a0 \u00a0Premio en MEDICINA LABORAL dentro del congreso de la Sociedad Argentina de Medicina XXIX<\/h6>\n<h6><strong>2021<\/strong>\u00a0 \u00a0Recertificaci\u00f3n de especialista en Cl\u00ednica M\u00e9dica por la Sociedad Argentina de Medicina.<\/h6>\n<h6><strong>2021<\/strong>\u00a0 \u00a0Recertificaci\u00f3n de especialista en Cl\u00ednica M\u00e9dica por la Universidad de Buenos Aires.<\/h6>\n<h6><strong>2021\u00a0 \u00a0 <\/strong>Acreditaci\u00f3n por la Academia Nacional de Medicina como M\u00e9dica Cl\u00ednica.<\/h6>\n<h6><strong>2021\u00a0 \u00a0<\/strong> Docente Universitaria de la Diplomatura de Envejecimiento Activo y\u00a0 Saludable. Universidad del Comahue.<\/h6>\n<h6><strong>2020<\/strong>\u00a0 \u00a0 Egresada de la Academia latinoamericana de Medicina del Adulto Mayor (postgrado para docentes en Geriatr\u00eda). Premio al m\u00e9rito acad\u00e9mico por \u201cel compromiso y<br \/>\ndedicaci\u00f3n\u201d desarrollada durante el curso.<\/h6>\n<h6><strong>2021-2019<\/strong>\u00a0\u00a0\u00a0\u00a0 Miembro de la Comisi\u00f3n Directiva de la SAM a nivel nacional.<\/h6>\n<h6><strong>2021-2013<\/strong> \u00a0\u00a0\u00a0 Coordinadora de ALMA (Asociaci\u00f3n de Lucha contra el Mal de Alzheimer) Bariloche.<\/h6>\n<h6><strong>2020<\/strong>\u00a0 \u00a0 \u00a0Secretaria del Congreso SAMIG (Dic 2020). Modalidad virtual.<\/h6>\n<h6><strong>2017\u00a0<\/strong>\u00a0 \u00a0 Ciudadana Ilustre de la Ciudad de San Carlos de Bariloche (menci\u00f3n asociada al trabajo comunitario en relaci\u00f3n a la Enfermedad de Alzheimer).<\/h6>\n<h6><strong>2003 <\/strong>\u00a0 \u00a0Medalla de Oro y diploma de Honor, como egresada de la facultad de Medicina HA. Barcel\u00f3<strong>.<\/strong><\/h6>\n<p>[\/vc_message][\/vc_column][\/vc_row][vc_row css=\u00bb.vc_custom_1601074594086{margin-top: 0px !important;padding-top: -200px !important;}\u00bb][vc_column]<div  class=\"ezy-heading text-center  appear-animation\" data-appear-animation=\"fadeInUpShorter\" data-appear-animation-delay=\"200\" data-appear-animation-duration=\"750ms\"><h2 class=\"ezy-text-tag main-heading-text font-weight-bold has-skin-text-color \" style=\"margin-bottom: 35px;\">Galer\u00eda<\/h2><\/div>[vc_gallery interval=\u00bb3&#8243; images=\u00bb55396,55515,55403,55405,55401,55399,55400,55402&#8243; img_size=\u00bb1104&#215;653&#8243;][\/vc_column][\/vc_row][vc_section background_color=\u00bbcustom\u00bb vc_section_id=\u00bb5f2c159a37dc1&#8243; background_color_custom=\u00bb#f1f3f7&#8243;][vc_row content_placement=\u00bbmiddle\u00bb css_animation=\u00bbfadeInLeftShorter\u00bb css_animation_delay=\u00bb400&#8243;][vc_column width=\u00bb1\/3&#8243; text_align=\u00bbtext-center\u00bb margin_spacement_md=\u00bb0px \/ 0px \/ 0px \/ 0px\u00bb margin_spacement_xs=\u00bb0px \/ 0px \/ 40px \/ 0px\u00bb custom_spacement_margin_id=\u00bb5e8e1e13cbbd0&#8243; offset=\u00bbvc_col-md-1\/5&#8243;]\r\n\r\n<div   class=\"ezy-image-frame vc_custom_1603735348923 \">\r\n\t\r\n\t<div class=\"card bg-transparent border-0 p-0\">\r\n\t\t\t\t<a href=\"https:\/\/www.alma-alzheimer.org.ar\/\" title=\"\" target=\"_self\"  class=\"d-inline-flex align-items-center text-decoration-none\">\r\n\t\t<div class=\"image-frame image-frame image-frame-border image-frame-style-1 image-frame-effect-2 image-frame-effect-1 overlay overlay-op-2\">\r\n\t\t\t<div class=\"image-frame-wrapper image-frame-wrapper-overlay-bottom image-frame-wrapper-overlay-bottom-shadow image-frame-wrapper-align-end\">\t\t\t\t\r\n\t\t\t\t\t\r\n\t\t\t\t<img width=\"200\" height=\"146\" src=\"https:\/\/maralopezwortzman.com.ar\/wp-content\/uploads\/2020\/09\/firmag-200x146.jpg\" class=\"img-fluid\" alt=\"QUIEN SOY\" loading=\"lazy\" style=\"max-width:170px;\" \/>\r\n\r\n\t\t\t<div class=\"image-frame-action flex-column align-items-center\"><h4 class=\"ezy-text-tag image-frame-title image-frame-title font-weight-bold text-color-light font-weight-normal has-skin-text-color \"><\/h4><span class=\"ezy-text-tag image-frame-category-title  image-frame-category-title d-block text-color-light opacity-8 font-weight-normal has-skin-text-color \"><\/span><\/div><\/div>\r\n\t\t<\/div>\r\n\t\t<\/a>\t\t\t\t\t<\/div>\r\n\r\n<\/div>[vc_btn title=\u00bbVER M\u00c1S\u00bb style=\u00bbcustom\u00bb custom_background=\u00bb#2e368f\u00bb custom_text=\u00bb#ffffff\u00bb shape=\u00bbround\u00bb size=\u00bbsm\u00bb link=\u00bburl:https%3A%2F%2Fwww.alma-alzheimer.org.ar%2F|||\u00bb css=\u00bb.vc_custom_1603735230172{padding-right: 20px !important;}\u00bb][\/vc_column][vc_column width=\u00bb1\/3&#8243; text_align=\u00bbtext-center\u00bb margin_spacement_md=\u00bb0px \/ 0px \/ 0px \/ 0px\u00bb margin_spacement_xs=\u00bb0px \/ 0px \/ 40px \/ 0px\u00bb custom_spacement_margin_id=\u00bb5e8e1e13cbbe3&#8243; offset=\u00bbvc_col-md-1\/5&#8243;]\r\n\r\n<div   class=\"ezy-image-frame  \">\r\n\t\r\n\t<div class=\"card bg-transparent border-0 p-0\">\r\n\t\t\t\t\r\n\t\t<div class=\"image-frame\">\r\n\t\t\t\t\t\t\t\r\n\t\t\t\t\t\r\n\t\t\t\t<img width=\"200\" height=\"146\" src=\"https:\/\/maralopezwortzman.com.ar\/wp-content\/uploads\/2020\/08\/firmaa-200x146.jpg\" class=\"img-fluid\" alt=\"QUIEN SOY\" loading=\"lazy\" style=\"max-width:170px;\" \/>\r\n\r\n\t\t\t\r\n\t\t<\/div>\r\n\t\t\t\t\t\t\t<\/div>\r\n\r\n<\/div>[\/vc_column][vc_column width=\u00bb1\/3&#8243; text_align=\u00bbtext-center\u00bb margin_spacement_sm=\u00bb0px \/ auto \/ 0px \/ auto\u00bb margin_spacement_xs=\u00bb0px \/ 0px \/ 40px \/ 0px\u00bb custom_spacement_margin_id=\u00bb5e8e1e13cbbf5&#8243; offset=\u00bbvc_col-md-1\/5&#8243;]\r\n\r\n<div   class=\"ezy-image-frame  \">\r\n\t\r\n\t<div class=\"card bg-transparent border-0 p-0\">\r\n\t\t\t\t\r\n\t\t<div class=\"image-frame\">\r\n\t\t\t\t\t\t\t\r\n\t\t\t\t\t\r\n\t\t\t\t<img width=\"205\" height=\"146\" src=\"https:\/\/maralopezwortzman.com.ar\/wp-content\/uploads\/2020\/08\/firmac.jpg\" class=\"img-fluid\" alt=\"QUIEN SOY\" loading=\"lazy\" style=\"max-width:170px;\" \/>\r\n\r\n\t\t\t\r\n\t\t<\/div>\r\n\t\t\t\t\t\t\t<\/div>\r\n\r\n<\/div>[\/vc_column][vc_column width=\u00bb1\/3&#8243; text_align=\u00bbtext-center\u00bb margin_spacement_sm=\u00bb0px \/ auto \/ 0px \/ auto\u00bb margin_spacement_xs=\u00bb0px \/ 0px \/ 40px \/ 0px\u00bb custom_spacement_margin_id=\u00bb5e8e1e13cbc06&#8243; offset=\u00bbvc_col-md-1\/5&#8243;]\r\n\r\n<div   class=\"ezy-image-frame  \">\r\n\t\r\n\t<div class=\"card bg-transparent border-0 p-0\">\r\n\t\t\t\t\r\n\t\t<div class=\"image-frame\">\r\n\t\t\t\t\t\t\t\r\n\t\t\t\t\t\r\n\t\t\t\t<img width=\"205\" height=\"146\" src=\"https:\/\/maralopezwortzman.com.ar\/wp-content\/uploads\/2020\/08\/firmad.jpg\" class=\"img-fluid\" alt=\"QUIEN SOY\" loading=\"lazy\" style=\"max-width:170px;\" \/>\r\n\r\n\t\t\t\r\n\t\t<\/div>\r\n\t\t\t\t\t\t\t<\/div>\r\n\r\n<\/div>[\/vc_column][vc_column width=\u00bb1\/3&#8243; text_align=\u00bbtext-center\u00bb margin_spacement_sm=\u00bb0px \/ auto \/ 0px \/ auto\u00bb custom_spacement_margin_id=\u00bb5e8e1e13cbc10&#8243; offset=\u00bbvc_col-md-1\/5&#8243;]\r\n\r\n<div   class=\"ezy-image-frame  \">\r\n\t\r\n\t<div class=\"card bg-transparent border-0 p-0\">\r\n\t\t\t\t\r\n\t\t<div class=\"image-frame\">\r\n\t\t\t\t\t\t\t\r\n\t\t\t\t\t\r\n\t\t\t\t<img width=\"205\" height=\"146\" src=\"https:\/\/maralopezwortzman.com.ar\/wp-content\/uploads\/2020\/08\/firmae.jpg\" class=\"img-fluid\" alt=\"QUIEN SOY\" loading=\"lazy\" style=\"max-width:170px;\" \/>\r\n\r\n\t\t\t\r\n\t\t<\/div>\r\n\t\t\t\t\t\t\t<\/div>\r\n\r\n<\/div>[\/vc_column][\/vc_row][\/vc_section]<\/p>\n","protected":false},"excerpt":{"rendered":"<p>[vc_row content_placement=\u00bbmiddle\u00bb css=\u00bb.vc_custom_1586372938378{padding-top: 80px !important;padding-bottom: 90px !important;}\u00bb][vc_column margin_spacement_md=\u00bb0px \/ 0px \/ 0px \/ 0px\u00bb margin_spacement_xs=\u00bb0px \/ 0px \/ 50px \/ 0px\u00bb custom_spacement_margin_id=\u00bb5e8e1e13cbbbc\u00bb offset=\u00bbvc_col-md-6&#8243;][vc_column_text css_animation=\u00bbfadeInUpShorter\u00bb css_animation_delay=\u00bb250&#8243; css=\u00bb.vc_custom_1600750210039{margin-bottom: 15px !important;}\u00bb]Ha sido premiada en m\u00faltiples Congresos Nacionales e Internacionales en las \u00e1reas de Medicina Interna y Geriatr\u00eda. Fue becada por la OPS\u00a0 para realizar cursos de perfeccionamiento en [&hellip;]<\/p>\n","protected":false},"author":1,"featured_media":0,"parent":0,"menu_order":0,"comment_status":"closed","ping_status":"closed","template":"","meta":[],"_links":{"self":[{"href":"https:\/\/maralopezwortzman.com.ar\/index.php\/wp-json\/wp\/v2\/pages\/4361"}],"collection":[{"href":"https:\/\/maralopezwortzman.com.ar\/index.php\/wp-json\/wp\/v2\/pages"}],"about":[{"href":"https:\/\/maralopezwortzman.com.ar\/index.php\/wp-json\/wp\/v2\/types\/page"}],"author":[{"embeddable":true,"href":"https:\/\/maralopezwortzman.com.ar\/index.php\/wp-json\/wp\/v2\/users\/1"}],"replies":[{"embeddable":true,"href":"https:\/\/maralopezwortzman.com.ar\/index.php\/wp-json\/wp\/v2\/comments?post=4361"}],"version-history":[{"count":34,"href":"https:\/\/maralopezwortzman.com.ar\/index.php\/wp-json\/wp\/v2\/pages\/4361\/revisions"}],"predecessor-version":[{"id":56157,"href":"https:\/\/maralopezwortzman.com.ar\/index.php\/wp-json\/wp\/v2\/pages\/4361\/revisions\/56157"}],"wp:attachment":[{"href":"https:\/\/maralopezwortzman.com.ar\/index.php\/wp-json\/wp\/v2\/media?parent=4361"}],"curies":[{"name":"wp","href":"https:\/\/api.w.org\/{rel}","templated":true}]}}