{"id":4806,"date":"2019-06-11T15:49:04","date_gmt":"2019-06-11T15:49:04","guid":{"rendered":"https:\/\/www.okler.net\/ezy\/wordpress\/multi-purpose-1\/?page_id=4806"},"modified":"2021-02-18T22:12:07","modified_gmt":"2021-02-18T22:12:07","slug":"layouts-full-width","status":"publish","type":"page","link":"https:\/\/maralopezwortzman.com.ar\/index.php\/layouts-full-width\/","title":{"rendered":"CURRICULUM VITAE"},"content":{"rendered":"<p>[vc_row css=\u00bb.vc_custom_1597203778468{padding-top: 50px !important;padding-bottom: 50px !important;}\u00bb][vc_column css=\u00bb.vc_custom_1597201508235{background-position: center !important;background-repeat: no-repeat !important;background-size: cover !important;}\u00bb][vc_custom_heading text=\u00bbCURRICULUM VITAE\u00bb font_container=\u00bbtag:h2|text_align:center|color:%23113cc6&#8243; google_fonts=\u00bbfont_family:Cantora%20One%3Aregular|font_style:400%20regular%3A400%3Anormal\u00bb][vc_text_separator title=\u00bb\u00bb color=\u00bbblue\u00bb style=\u00bbdashed\u00bb][vc_column_text css=\u00bb.vc_custom_1601602542697{margin-bottom: 0px !important;}\u00bb]M\u00e9dica graduada con Medalla de Oro y Diploma de Honor de la Facultad de Medicina de la<br \/>\nFundaci\u00f3n HA Barcel\u00f3 en el 2003. Realiz\u00f3 su residencia en Cl\u00ednica M\u00e9dica en el Hospital<img loading=\"lazy\" class=\"alignright wp-image-55520 size-medium\" style=\"font-size: 14.4px;\" src=\"http:\/\/maralopezwortzman.com.ar\/wp-content\/uploads\/2020\/10\/Mara-W-Consultorio-6-editada-1-300x257.jpg\" alt=\"\" width=\"300\" height=\"257\" srcset=\"https:\/\/maralopezwortzman.com.ar\/wp-content\/uploads\/2020\/10\/Mara-W-Consultorio-6-editada-1-300x257.jpg 300w, https:\/\/maralopezwortzman.com.ar\/wp-content\/uploads\/2020\/10\/Mara-W-Consultorio-6-editada-1-1024x877.jpg 1024w, https:\/\/maralopezwortzman.com.ar\/wp-content\/uploads\/2020\/10\/Mara-W-Consultorio-6-editada-1-768x658.jpg 768w, https:\/\/maralopezwortzman.com.ar\/wp-content\/uploads\/2020\/10\/Mara-W-Consultorio-6-editada-1-800x685.jpg 800w, https:\/\/maralopezwortzman.com.ar\/wp-content\/uploads\/2020\/10\/Mara-W-Consultorio-6-editada-1.jpg 1385w\" sizes=\"(max-width: 300px) 100vw, 300px\" \/> Alem\u00e1n, donde form\u00f3 parte del staff de m\u00e9dicos durante ocho a\u00f1os. Complet\u00f3 su formaci\u00f3n de<br \/>\npostgrado en la Sociedad Argentina de Geriatr\u00eda y Gerontolog\u00eda, obteniendo el t\u00edtulo de M\u00e9dica<br \/>\nEspecialista en Geriatr\u00eda, y en el Hospital Italiano, donde realiz\u00f3 el Curso Universitario de<br \/>\nCl\u00ednica y Tratamiento de las Demencias.<\/p>\n<p>Ha sido premiada en m\u00faltiples Congresos Nacionales e Internacionales en las \u00e1reas de<br \/>\nMedicina Interna y Geriatr\u00eda. Fue becada por la OPS para realizar cursos de<br \/>\nperfeccionamiento en Geriatr\u00eda.<\/p>\n<p>Efectu\u00f3 rotaciones en el\u00a0St. Joseph\u00b4s Hospital\u00a0y\u00a0Mc. Master University.\u00a0Medicina Basada en<br \/>\nEvidencia. Hamilton, Canad\u00e1. Y en el\u00a0Royal London Homeopathic Hospital,\u00a0Londres, Inglaterra.<br \/>\nParticip\u00f3 como autora de cap\u00edtulos del PROAMI (programa de actualizaci\u00f3n de Medicina<br \/>\nInterna) y actualmente escribe cap\u00edtulos para el PROCAM (programa de actualizaci\u00f3n en<br \/>\nCuidados del Adulto Mayor).<\/p>\n<p>Ha sido docente de la Carrera de Medicina (UBA) en Semiolog\u00eda y Medicina Interna. Y docente<br \/>\na distancia de la Universidad Cat\u00f3lica de Salta (Faculta de Medicina).<br \/>\nEn la actualidad es docente de la carrera de Geriatr\u00eda en la Patagonia (jefa de trabajos<br \/>\npr\u00e1cticos).<\/p>\n<p>Fue coordinadora de la internaci\u00f3n en el Sanatorio San Carlos. Actualmente es miembro del<br \/>\nstaff de atenci\u00f3n ambulatoria del Sanatorio hom\u00f3nimo y de los consultorios de Fundaci\u00f3n<br \/>\nIntecnus. Asimismo, desde el a\u00f1o 2011, se desempe\u00f1a como m\u00e9dica de cabecera de PAMI.<\/p>\n<p>Referente de los Grupos de Apoyo de A.L.M.A. (Asociaci\u00f3n Lucha contra el Mal de Alzheimer)<br \/>\nen la provincia de R\u00edo Negro. Coordina, desde el 2013, el espacio de \u201cAtenci\u00f3n, contenci\u00f3n y<br \/>\napoyo para los familiares y cuidadores de personas con demencias\u201d desde el 2013 en el Htal.<br \/>\nZonal de Bariloche.<\/p>\n<p>Anualmente, coordina la Caminata por el Alzheimer durante el mes de septiembre, con motivo<br \/>\nde sensibilizar a la poblaci\u00f3n sobre esta enfermedad.<br \/>\nEn el a\u00f1o 2017 fue homenajeada con el premio al M\u00e9rito Comunitario en la ciudad de San<br \/>\nCarlos de Bariloche \u201cen virtud de su calidad como m\u00e9dica y su enrome compromiso con la<br \/>\nsensibilizaci\u00f3n, formaci\u00f3n y prevenci\u00f3n del mal de Alzheimer\u201d.<\/p>\n<p>Posee dominio de diversos idiomas (ingl\u00e9s, alem\u00e1n, franc\u00e9s y portugu\u00e9s).<\/p>\n<p>Es miembro de la Asociaci\u00f3n de M\u00e9dicos del Hospital Alem\u00e1n, de la Sociedad Argentina de<br \/>\nGeriatr\u00eda y Gerontolog\u00eda y de la Asociaci\u00f3n Latinoamericana de Medicina del Adulto Mayor.<br \/>\nForma parte de la Comisi\u00f3n Directiva de la SAM (Sociedad Argentina de Medicina Interna).<br \/>\nPresidente de la SAM distrito Bariloche (2019-2021).[\/vc_column_text]<div  class=\"ezy-button d-flex justify-content-center vc_custom_1613686323465 \" ><a href=\"https:\/\/www.linkedin.com\/in\/mara-l%C3%B3pez-wortzman-73a57929\/\" title=\"\" target=\"_blank\"  class=\"btn align-items-center no-skin border-0 custom-btn-gradient btn-primary btn-rounded font-weight-bold btn-4 btn-fs-4\"  style=\"background: linear-gradient(135deg, #2e368f 0%, #2e368f 80%); color: ;\">Ir a Linkedin<\/a><\/div>[\/vc_column][\/vc_row]<\/p>\n","protected":false},"excerpt":{"rendered":"<p>[vc_row css=\u00bb.vc_custom_1597203778468{padding-top: 50px !important;padding-bottom: 50px !important;}\u00bb][vc_column css=\u00bb.vc_custom_1597201508235{background-position: center !important;background-repeat: no-repeat !important;background-size: cover !important;}\u00bb][vc_custom_heading text=\u00bbCURRICULUM VITAE\u00bb font_container=\u00bbtag:h2|text_align:center|color:%23113cc6&#8243; google_fonts=\u00bbfont_family:Cantora%20One%3Aregular|font_style:400%20regular%3A400%3Anormal\u00bb][vc_text_separator title=\u00bb\u00bb color=\u00bbblue\u00bb style=\u00bbdashed\u00bb][vc_column_text css=\u00bb.vc_custom_1601602542697{margin-bottom: 0px !important;}\u00bb]M\u00e9dica graduada con Medalla de Oro y Diploma de Honor de la Facultad de Medicina de la Fundaci\u00f3n HA Barcel\u00f3 en el 2003. Realiz\u00f3 su residencia en Cl\u00ednica M\u00e9dica en el Hospital Alem\u00e1n, [&hellip;]<\/p>\n","protected":false},"author":1,"featured_media":0,"parent":0,"menu_order":0,"comment_status":"closed","ping_status":"closed","template":"","meta":[],"_links":{"self":[{"href":"https:\/\/maralopezwortzman.com.ar\/index.php\/wp-json\/wp\/v2\/pages\/4806"}],"collection":[{"href":"https:\/\/maralopezwortzman.com.ar\/index.php\/wp-json\/wp\/v2\/pages"}],"about":[{"href":"https:\/\/maralopezwortzman.com.ar\/index.php\/wp-json\/wp\/v2\/types\/page"}],"author":[{"embeddable":true,"href":"https:\/\/maralopezwortzman.com.ar\/index.php\/wp-json\/wp\/v2\/users\/1"}],"replies":[{"embeddable":true,"href":"https:\/\/maralopezwortzman.com.ar\/index.php\/wp-json\/wp\/v2\/comments?post=4806"}],"version-history":[{"count":17,"href":"https:\/\/maralopezwortzman.com.ar\/index.php\/wp-json\/wp\/v2\/pages\/4806\/revisions"}],"predecessor-version":[{"id":55718,"href":"https:\/\/maralopezwortzman.com.ar\/index.php\/wp-json\/wp\/v2\/pages\/4806\/revisions\/55718"}],"wp:attachment":[{"href":"https:\/\/maralopezwortzman.com.ar\/index.php\/wp-json\/wp\/v2\/media?parent=4806"}],"curies":[{"name":"wp","href":"https:\/\/api.w.org\/{rel}","templated":true}]}}