{"id":4843,"date":"2019-06-12T15:55:35","date_gmt":"2019-06-12T15:55:35","guid":{"rendered":"https:\/\/www.okler.net\/ezy\/wordpress\/multi-purpose-1\/?page_id=4843"},"modified":"2020-09-28T02:46:04","modified_gmt":"2020-09-28T02:46:04","slug":"vgi","status":"publish","type":"page","link":"https:\/\/maralopezwortzman.com.ar\/index.php\/vgi\/","title":{"rendered":"VGI"},"content":{"rendered":"<p>[vc_section background_color=\u00bbcustom\u00bb skew_background=\u00bb%5B%7B%22skew_background_color%22%3A%22custom%22%2C%22skew_background_color_custom%22%3A%22%23292d31%22%2C%22skew_background_distance%22%3A%2262%22%2C%22skew_background_slide_effect%22%3A%22right%22%7D%5D\u00bb add_skew_background=\u00bbtrue\u00bb vc_section_id=\u00bb5f6a9c7832649&#8243; css=\u00bb.vc_custom_1560357026642{padding-top: 3rem !important;padding-bottom: 3rem !important;}\u00bb background_color_custom=\u00bb#2e3237&#8243;][vc_row][vc_column][vc_column_text]<\/p>\n<h1><span style=\"color: #ffffff;\">\u00bfQu\u00e9 Herramienta Valiosa puede ofrecer un M\u00e9dico Geriatra?<\/span><\/h1>\n<p>[\/vc_column_text][\/vc_column][\/vc_row][\/vc_section][vc_row css=\u00bb.vc_custom_1588010144965{margin-top: 5rem !important;margin-bottom: 4.2rem !important;}\u00bb][vc_column][vc_column_text]<\/p>\n<h1 style=\"text-align: center;\"><strong><span style=\"vertical-align: inherit;\"><span style=\"vertical-align: inherit;\">Valoraci\u00f3n Geri\u00e1trica Integral<\/span><\/span><\/strong><\/h1>\n<p>[\/vc_column_text]<div  class=\"ezy-heading text-center vc_custom_1601247585464 appear-animation\" data-appear-animation=\"fadeInUpShorter\" data-appear-animation-delay=\"200\" data-appear-animation-duration=\"750ms\"><h2 class=\"ezy-text-tag main-heading-text font-weight-bold has-custom-text-color\" style=\"line-height: 15px !important;  color: #2e368f; margin-bottom: 20px;\"><\/h2><span class=\"ezy-text-tag heading-sub-title d-block font-weight-normal has-skin-text-color text-color-secondary text-center d-block\" style=\"font-size: 16px !important;  line-height: -20px !important;  margin-bottom: 7px;\">En las \u00faltimas d\u00e9cadas, los adultos mayores se han convertido en un grupo etario de alto crecimiento demogr\u00e1fico, el cual est\u00e1 conformado por una poblaci\u00f3n con caracter\u00edsticas y problem\u00e1ticas espec\u00edficas. La evaluaci\u00f3n funcional es una herramienta que valora los diferentes componentes que pueden afectar el estado funcional del adulto mayor. Este abordaje permite asistir la salud del paciente de una manera integral, intentando mantenerlo en el nivel m\u00e1s alto de su funcionalidad, formulando recomendaciones y dise\u00f1ando estrategias para su cuidado.<\/span><\/div>[vc_row_inner content_placement=\u00bbmiddle\u00bb css=\u00bb.vc_custom_1586376405690{margin-bottom: -10px !important;}\u00bb][vc_column_inner text_align=\u00bbtext-center\u00bb css_animation=\u00bbfadeInRightShorter\u00bb css_animation_delay=\u00bb200&#8243; margin_spacement_xs=\u00bb0px \/ 0px \/ 30px \/ 0px\u00bb custom_spacement_margin_id=\u00bb5e8e2e34c66e9&#8243; offset=\u00bbvc_col-md-4&#8243;]\r\n\r\n<div   class=\"ezy-image-frame vc_custom_1600828863222 \">\r\n\t\r\n\t<div class=\"card bg-transparent border-0 p-0\">\r\n\t\t\t\t\r\n\t\t<div class=\"image-frame\">\r\n\t\t\t\t\t\t\t\r\n\t\t\t\t\t\r\n\t\t\t\t<img width=\"498\" height=\"976\" src=\"https:\/\/maralopezwortzman.com.ar\/wp-content\/uploads\/2020\/09\/dgi.jpg\" class=\"img-fluid\" alt=\"VGI\" loading=\"lazy\" srcset=\"https:\/\/maralopezwortzman.com.ar\/wp-content\/uploads\/2020\/09\/dgi.jpg 498w, https:\/\/maralopezwortzman.com.ar\/wp-content\/uploads\/2020\/09\/dgi-153x300.jpg 153w, https:\/\/maralopezwortzman.com.ar\/wp-content\/uploads\/2020\/09\/dgi-408x800.jpg 408w\" sizes=\"(max-width: 498px) 100vw, 498px\" \/>\r\n\r\n\t\t\t\r\n\t\t<\/div>\r\n\t\t\t\t\t\t\t<\/div>\r\n\r\n<\/div>[\/vc_column_inner][vc_column_inner css_animation=\u00bbfadeInUpShorter\u00bb css_animation_delay=\u00bb200&#8243; offset=\u00bbvc_col-md-4&#8243; css=\u00bb.vc_custom_1600904841588{margin-bottom: 0px !important;}\u00bb]<div  class=\"ezy-icon-box custom_spacement_margin_5e8e2e34c66ef  \" ><div class=\"icon-box icon-box-style-7\"><div class=\"icon-box-icon  pr-3 pb-2 border-color-transparent rounded-circle\" style=\"background-color: #2e368f;\"><i class=\"lnr lnr-heart\" style=\"color: #f9f9f9; font-size: 30px;\"><\/i><\/div><div class=\"icon-box-info\"><div class=\"icon-box-info-title\"><span class=\"ezy-text-tag heading-sub-title font-weight-normal has-skin-text-color \"><\/span><h3 class=\"ezy-text-tag w-100 font-weight-bold has-skin-text-color \" style=\"font-size: 16px !important; \">EVALUACI\u00d3N DE LA ESFERA F\u00cdSICA<\/h3><\/div><p><span style=\"vertical-align: inherit;\"><span style=\"vertical-align: inherit;\"><span style=\"vertical-align: inherit;\"><span style=\"vertical-align: inherit;\">La evaluaci\u00f3n de la esfera f\u00edsica incluye la valoraci\u00f3n de la visi\u00f3n, la audici\u00f3n, la marcha, la continencia y el estado nutricional, dado que el deterioro de estas \u00e1reas afecta marcadamente la funcionalidad de los adultos mayores y aumenta su vulnerabilidad y dependencia.<\/span><\/span><\/span><\/span><\/p>\n<p><span style=\"vertical-align: inherit;\"><span style=\"vertical-align: inherit;\"><span style=\"vertical-align: inherit;\"><span style=\"vertical-align: inherit;\">Tambi\u00e9n se eval\u00faan las actividades de la vida diaria (AVD) y las actividades instrumentales de la vida diaria (AIVD) que permiten objetivar la funcionalidad de cada paciente en particular y facilitar as\u00ed seguimiento.<\/span><\/span><\/span><\/span><\/p>\n<\/div><\/div><\/div><div  class=\"ezy-icon-box custom_spacement_margin_5e8e2e34c66f5  \" ><div class=\"icon-box icon-box-style-7\"><div class=\"icon-box-icon  pr-3 pb-2 border-color-transparent rounded-circle\" style=\"background-color: #2e368f;\"><i class=\"lnr lnr-users\" style=\"color: #f9f9f9; font-size: 30px;\"><\/i><\/div><div class=\"icon-box-info\"><div class=\"icon-box-info-title\"><span class=\"ezy-text-tag heading-sub-title font-weight-normal has-skin-text-color \"><\/span><h3 class=\"ezy-text-tag w-100 font-weight-bold has-skin-text-color \" style=\"font-size: 16px !important; \">EVALUACI\u00d3N DE LA ESFERA SOCIAL\/EMOCIONAL<\/h3><\/div><p>En la evaluaci\u00f3n funcional de los adultos mayores, es importante incluir la evaluaci\u00f3n de la esfera emocional y social con el objeto de identificar problemas como la depresi\u00f3n, el alcoholismo y una red familiar y social pobre.<\/p>\n<p>Estos problemas no s\u00f3lo son prevalentes sino que afectan la funcionalidad y repercuten en las otras \u00e1reas (f\u00edsica y cognitiva).<\/p>\n<\/div><\/div><\/div>[\/vc_column_inner][vc_column_inner css_animation=\u00bbfadeInLeftShorter\u00bb css_animation_delay=\u00bb200&#8243; offset=\u00bbvc_col-md-4&#8243; css=\u00bb.vc_custom_1600904751244{margin-top: -0px !important;margin-bottom: px !important;}\u00bb]<div  class=\"ezy-icon-box custom_spacement_margin_5e8e2e34c670a  \" ><div class=\"icon-box icon-box-style-7\"><div class=\"icon-box-icon  pr-3 pb-2 border-color-transparent rounded-circle\" style=\"background-color: #2e368f;\"><i class=\"lnr lnr-pencil\" style=\"color: #f9f9f9; font-size: 30px;\"><\/i><\/div><div class=\"icon-box-info\"><div class=\"icon-box-info-title\"><span class=\"ezy-text-tag heading-sub-title font-weight-normal has-skin-text-color \"><\/span><h3 class=\"ezy-text-tag w-100 font-weight-bold has-skin-text-color \" style=\"font-size: 16px !important; \">EVALUACI\u00d3N DE LA ESFERA COGNITIVA<\/h3><\/div><p><span style=\"vertical-align: inherit;\"><span style=\"vertical-align: inherit;\">La evaluaci\u00f3n cognitiva no s\u00f3lo sirve ante la sospecha del diagn\u00f3stico de demencia, sino tambi\u00e9n para reasegurar lo que componen \u201clos olvidos benignos\u201d, los cuales pueden ser el resultado de la falta de concentraci\u00f3n secundaria al estr\u00e9s\/trastorno de ansiedad, la depresi\u00f3n y\/o el insomnio. Y en otros casos, pueden ser secundarios a polimedicaci\u00f3n o a una enfermedad neurodegenerativa, entre otras.<\/span><\/span><\/p>\n<p><span style=\"vertical-align: inherit;\"><span style=\"vertical-align: inherit;\">Estos valiosos datos se recaban a partir del interrogatorio focalizado y de los distintos <\/span><\/span><em><span style=\"vertical-align: inherit;\"><span style=\"vertical-align: inherit;\">tests<\/span><\/span><\/em><span style=\"vertical-align: inherit;\"><span style=\"vertical-align: inherit;\"> utilizados para detectar deterioro cognitivo.<\/span><\/span><\/p>\n<\/div><\/div><\/div>[\/vc_column_inner][\/vc_row_inner][\/vc_column][\/vc_row]<\/p>\n","protected":false},"excerpt":{"rendered":"<p>[vc_section background_color=\u00bbcustom\u00bb skew_background=\u00bb%5B%7B%22skew_background_color%22%3A%22custom%22%2C%22skew_background_color_custom%22%3A%22%23292d31%22%2C%22skew_background_distance%22%3A%2262%22%2C%22skew_background_slide_effect%22%3A%22right%22%7D%5D\u00bb add_skew_background=\u00bbtrue\u00bb vc_section_id=\u00bb5f6a9c7832649&#8243; css=\u00bb.vc_custom_1560357026642{padding-top: 3rem !important;padding-bottom: 3rem !important;}\u00bb background_color_custom=\u00bb#2e3237&#8243;][vc_row][vc_column][vc_column_text] \u00bfQu\u00e9 Herramienta Valiosa puede ofrecer un M\u00e9dico Geriatra? [\/vc_column_text][\/vc_column][\/vc_row][\/vc_section][vc_row css=\u00bb.vc_custom_1588010144965{margin-top: 5rem !important;margin-bottom: 4.2rem !important;}\u00bb][vc_column][vc_column_text] Valoraci\u00f3n Geri\u00e1trica Integral [\/vc_column_text][vc_row_inner content_placement=\u00bbmiddle\u00bb css=\u00bb.vc_custom_1586376405690{margin-bottom: -10px !important;}\u00bb][vc_column_inner text_align=\u00bbtext-center\u00bb css_animation=\u00bbfadeInRightShorter\u00bb css_animation_delay=\u00bb200&#8243; margin_spacement_xs=\u00bb0px \/ 0px \/ 30px \/ 0px\u00bb custom_spacement_margin_id=\u00bb5e8e2e34c66e9&#8243; offset=\u00bbvc_col-md-4&#8243;][\/vc_column_inner][vc_column_inner css_animation=\u00bbfadeInUpShorter\u00bb css_animation_delay=\u00bb200&#8243; offset=\u00bbvc_col-md-4&#8243; css=\u00bb.vc_custom_1600904841588{margin-bottom: 0px !important;}\u00bb][\/vc_column_inner][vc_column_inner css_animation=\u00bbfadeInLeftShorter\u00bb css_animation_delay=\u00bb200&#8243; offset=\u00bbvc_col-md-4&#8243; css=\u00bb.vc_custom_1600904751244{margin-top: [&hellip;]<\/p>\n","protected":false},"author":1,"featured_media":0,"parent":0,"menu_order":0,"comment_status":"closed","ping_status":"closed","template":"","meta":[],"_links":{"self":[{"href":"https:\/\/maralopezwortzman.com.ar\/index.php\/wp-json\/wp\/v2\/pages\/4843"}],"collection":[{"href":"https:\/\/maralopezwortzman.com.ar\/index.php\/wp-json\/wp\/v2\/pages"}],"about":[{"href":"https:\/\/maralopezwortzman.com.ar\/index.php\/wp-json\/wp\/v2\/types\/page"}],"author":[{"embeddable":true,"href":"https:\/\/maralopezwortzman.com.ar\/index.php\/wp-json\/wp\/v2\/users\/1"}],"replies":[{"embeddable":true,"href":"https:\/\/maralopezwortzman.com.ar\/index.php\/wp-json\/wp\/v2\/comments?post=4843"}],"version-history":[{"count":12,"href":"https:\/\/maralopezwortzman.com.ar\/index.php\/wp-json\/wp\/v2\/pages\/4843\/revisions"}],"predecessor-version":[{"id":55476,"href":"https:\/\/maralopezwortzman.com.ar\/index.php\/wp-json\/wp\/v2\/pages\/4843\/revisions\/55476"}],"wp:attachment":[{"href":"https:\/\/maralopezwortzman.com.ar\/index.php\/wp-json\/wp\/v2\/media?parent=4843"}],"curies":[{"name":"wp","href":"https:\/\/api.w.org\/{rel}","templated":true}]}}