{"id":4892,"date":"2019-06-12T18:21:31","date_gmt":"2019-06-12T18:21:31","guid":{"rendered":"https:\/\/www.okler.net\/ezy\/wordpress\/multi-purpose-1\/?page_id=4892"},"modified":"2023-03-02T13:49:48","modified_gmt":"2023-03-02T13:49:48","slug":"descargas","status":"publish","type":"page","link":"https:\/\/maralopezwortzman.com.ar\/index.php\/descargas\/","title":{"rendered":"MATERIAL DESCARGABLE"},"content":{"rendered":"<p>[vc_row css=\u00bb.vc_custom_1586783976710{padding-top: 50px !important;padding-bottom: 50px !important;}\u00bb][vc_column width=\u00bb2\/3&#8243; margin_spacement_sm=\u00bb0px \/ 0px \/ 0px \/ 0px\u00bb margin_spacement_xs=\u00bb0rem \/ 0rem \/ 3rem \/ 0rem\u00bb custom_spacement_margin_id=\u00bb5e8e2bba1b90e\u00bb offset=\u00bbvc_col-md-9&#8243;]<div  class=\"ezy-accordion  \" ><div id=\"accordion1\" role=\"tablist\" class=\"accordion accordion-minimal accordion-primary\"><div class=\"card\"><div class=\"card-header accordion-header\" role=\"tab\" id=\"accordionHeader1\"><h5 class=\"mb-0\"><a class=\"d-flex align-items-center no-skin collapsed\" href=\"#\" data-toggle=\"collapse\" data-target=\"#accordionCollapse1\" aria-expanded=\"false\" aria-controls=\"accordionCollapse1\">EJERCICIOS COGNITIVOS PARA ENTRENAR LA MENTE - LABPSI<\/a><\/h5><\/div><div class=\"collapse\" id=\"accordionCollapse1\" role=\"tabpanel\" data-parent=\"#accordion1\"><div class=\"card-body\"><p>[vc_column_text]Recomiendo esta p\u00e1gina realizada por docentes e investigadores de la Facultad de Psicolog\u00eda de la Universidad Nacional de Mar del Plata.<\/p>\n<p><a href=\"http:\/\/labpsi.mdp.edu.ar\/\"><strong>LABPSI<\/strong>: <em>Laboratorio Psicol\u00f3gico InterACTIVO<\/em><\/a><\/p>\n<p>[\/vc_column_text]<\/p>\n<\/div><\/div><\/div><div class=\"card\"><div class=\"card-header accordion-header\" role=\"tab\" id=\"accordionHeader2\"><h5 class=\"mb-0\"><a class=\"d-flex align-items-center no-skin collapsed\" href=\"#\" data-toggle=\"collapse\" data-target=\"#accordionCollapse2\" aria-expanded=\"false\" aria-controls=\"accordionCollapse2\">Manual del Cuidador<\/a><\/h5><\/div><div class=\"collapse\" id=\"accordionCollapse2\" role=\"tabpanel\" data-parent=\"#accordion1\"><div class=\"card-body\"><p>[vc_column_text]Descarga aqu\u00ed el<a href=\"http:\/\/maralopezwortzman.com.ar\/wp-content\/uploads\/2022\/11\/Manual-Cuidador_ES.pdf\"> \u00abManual del Cuidador\u00bb<\/a> de la Sociedad Espa\u00f1ola de Geriatr\u00eda y Gerontolog\u00eda[\/vc_column_text]<\/p>\n<\/div><\/div><\/div><div class=\"card\"><div class=\"card-header accordion-header\" role=\"tab\" id=\"accordionHeader3\"><h5 class=\"mb-0\"><a class=\"d-flex align-items-center no-skin collapsed\" href=\"#\" data-toggle=\"collapse\" data-target=\"#accordionCollapse3\" aria-expanded=\"false\" aria-controls=\"accordionCollapse3\">Gu\u00eda pr\u00e1ctica para familiares de personas que padecen Alzheimer<\/a><\/h5><\/div><div class=\"collapse\" id=\"accordionCollapse3\" role=\"tabpanel\" data-parent=\"#accordion1\"><div class=\"card-body\"><p>[vc_column_text css=\u00bb.vc_custom_1606533513540{margin-bottom: 0px !important;}\u00bb]Descargar Gu\u00eda <a href=\"http:\/\/maralopezwortzman.com.ar\/wp-content\/uploads\/2020\/11\/Guia-practica-familiares-reina-sofia-1.pdf\">aqu\u00ed<\/a>[\/vc_column_text]<\/p>\n<\/div><\/div><\/div><div class=\"card\"><div class=\"card-header accordion-header\" role=\"tab\" id=\"accordionHeader4\"><h5 class=\"mb-0\"><a class=\"d-flex align-items-center no-skin collapsed\" href=\"#\" data-toggle=\"collapse\" data-target=\"#accordionCollapse4\" aria-expanded=\"false\" aria-controls=\"accordionCollapse4\">Manual de Habilidades para Cuidadores Familiares de Personas Mayores Dependientes<\/a><\/h5><\/div><div class=\"collapse\" id=\"accordionCollapse4\" role=\"tabpanel\" data-parent=\"#accordion1\"><div class=\"card-body\"><p>[vc_column_text css=\u00bb.vc_custom_1606533531644{margin-bottom: 0px !important;}\u00bb]Descargar Manual <a href=\"http:\/\/maralopezwortzman.com.ar\/wp-content\/uploads\/2020\/11\/MANUAL_HABILIDADES_SEGG.pdf\">aqu\u00ed<\/a>[\/vc_column_text]<\/p>\n<\/div><\/div><\/div><div class=\"card\"><div class=\"card-header accordion-header\" role=\"tab\" id=\"accordionHeader5\"><h5 class=\"mb-0\"><a class=\"d-flex align-items-center no-skin collapsed\" href=\"#\" data-toggle=\"collapse\" data-target=\"#accordionCollapse5\" aria-expanded=\"false\" aria-controls=\"accordionCollapse5\">10 Consejos para Cuidadores en tiempos de Pandemia<\/a><\/h5><\/div><div class=\"collapse\" id=\"accordionCollapse5\" role=\"tabpanel\" data-parent=\"#accordion1\"><div class=\"card-body\"><p>[vc_column_text]Descargar <a href=\"http:\/\/maralopezwortzman.com.ar\/wp-content\/uploads\/2020\/11\/10-tips-para-Cuidadores-en-Tiempos-de-Pandemia.pdf\">aqu\u00ed<\/a>[\/vc_column_text]<\/p>\n<\/div><\/div><\/div><div class=\"card\"><div class=\"card-header accordion-header\" role=\"tab\" id=\"accordionHeader6\"><h5 class=\"mb-0\"><a class=\"d-flex align-items-center no-skin collapsed\" href=\"#\" data-toggle=\"collapse\" data-target=\"#accordionCollapse6\" aria-expanded=\"false\" aria-controls=\"accordionCollapse6\">Recomendaciones para un Cuidado de Calidad<\/a><\/h5><\/div><div class=\"collapse\" id=\"accordionCollapse6\" role=\"tabpanel\" data-parent=\"#accordion1\"><div class=\"card-body\"><p>[vc_column_text]Descargar recomendaciones <a href=\"http:\/\/maralopezwortzman.com.ar\/wp-content\/uploads\/2020\/11\/Recomendaciones-para-un-Cuidado-de-Calidad..pdf\">aqu\u00ed<\/a>[\/vc_column_text]<\/p>\n<\/div><\/div><\/div><div class=\"card\"><div class=\"card-header accordion-header\" role=\"tab\" id=\"accordionHeader7\"><h5 class=\"mb-0\"><a class=\"d-flex align-items-center no-skin collapsed\" href=\"#\" data-toggle=\"collapse\" data-target=\"#accordionCollapse7\" aria-expanded=\"false\" aria-controls=\"accordionCollapse7\">Recomendaciones sobre Institucionalizaci\u00f3n<\/a><\/h5><\/div><div class=\"collapse\" id=\"accordionCollapse7\" role=\"tabpanel\" data-parent=\"#accordion1\"><div class=\"card-body\"><p>[vc_column_text]Descargar recomendaciones <a href=\"http:\/\/maralopezwortzman.com.ar\/wp-content\/uploads\/2021\/06\/Institucionalizacion-Junio-2021.-web..pdf\">aqu\u00ed<\/a>[\/vc_column_text]<\/p>\n<\/div><\/div><\/div><div class=\"card\"><div class=\"card-header accordion-header\" role=\"tab\" id=\"accordionHeader8\"><h5 class=\"mb-0\"><a class=\"d-flex align-items-center no-skin collapsed\" href=\"#\" data-toggle=\"collapse\" data-target=\"#accordionCollapse8\" aria-expanded=\"false\" aria-controls=\"accordionCollapse8\">Psicolog\u00eda en Cuidados Paliativos<\/a><\/h5><\/div><div class=\"collapse\" id=\"accordionCollapse8\" role=\"tabpanel\" data-parent=\"#accordion1\"><div class=\"card-body\"><p>[vc_column_text]Para descargar el material haz clic <a href=\"http:\/\/maralopezwortzman.com.ar\/wp-content\/uploads\/2021\/09\/Psicologia-en-Cuidados-Paliativos.pdf\">aqu\u00ed<\/a>[\/vc_column_text]<\/p>\n<\/div><\/div><\/div><div class=\"card\"><div class=\"card-header accordion-header\" role=\"tab\" id=\"accordionHeader9\"><h5 class=\"mb-0\"><a class=\"d-flex align-items-center no-skin collapsed\" href=\"#\" data-toggle=\"collapse\" data-target=\"#accordionCollapse9\" aria-expanded=\"false\" aria-controls=\"accordionCollapse9\">Claves sobre la enfermedad de Alzheimer<\/a><\/h5><\/div><div class=\"collapse\" id=\"accordionCollapse9\" role=\"tabpanel\" data-parent=\"#accordion1\"><div class=\"card-body\"><p>[vc_column_text]Para descargar el material haz clic <a href=\"http:\/\/maralopezwortzman.com.ar\/wp-content\/uploads\/2021\/10\/Claves_sobre_la_enfermedad_de_Alzheimer.pdf\">aqu\u00ed<\/a>[\/vc_column_text]<\/p>\n<\/div><\/div><\/div><div class=\"card\"><div class=\"card-header accordion-header\" role=\"tab\" id=\"accordionHeader10\"><h5 class=\"mb-0\"><a class=\"d-flex align-items-center no-skin collapsed\" href=\"#\" data-toggle=\"collapse\" data-target=\"#accordionCollapse10\" aria-expanded=\"false\" aria-controls=\"accordionCollapse10\">Derechos y libertades de las personas mayores<\/a><\/h5><\/div><div class=\"collapse\" id=\"accordionCollapse10\" role=\"tabpanel\" data-parent=\"#accordion1\"><div class=\"card-body\"><p>[vc_column_text]Para descargar el material haz clic aqu\u00ed:<\/p>\n<p><a href=\"http:\/\/maralopezwortzman.com.ar\/wp-content\/uploads\/2022\/05\/convencion-interamericana-personas-mayores_lectura-facil.pdf\">Convenci\u00f3n Interamericana<\/a><\/p>\n<p><a href=\"http:\/\/maralopezwortzman.com.ar\/wp-content\/uploads\/2022\/05\/derechos-humanos-personas-mayores-poster-spa.pdf\">Derechos humanos de las personas mayores<\/a>[\/vc_column_text]<\/p>\n<\/div><\/div><\/div><div class=\"card\"><div class=\"card-header accordion-header\" role=\"tab\" id=\"accordionHeader11\"><h5 class=\"mb-0\"><a class=\"d-flex align-items-center no-skin collapsed\" href=\"#\" data-toggle=\"collapse\" data-target=\"#accordionCollapse11\" aria-expanded=\"false\" aria-controls=\"accordionCollapse11\">Ejercicios de estimulaci\u00f3n cognitiva<\/a><\/h5><\/div><div class=\"collapse\" id=\"accordionCollapse11\" role=\"tabpanel\" data-parent=\"#accordion1\"><div class=\"card-body\"><p>[vc_column_text]Para descargar el contenido haz clic aqu\u00ed:<\/p>\n<p><a href=\"http:\/\/maralopezwortzman.com.ar\/wp-content\/uploads\/2022\/07\/Ejercicios-de-Estimulacion-Cognitiva.-20220707T151025Z-001.zip\">Ejercicios de Estimulaci\u00f3n Cognitiva.<\/a>[\/vc_column_text]<\/p>\n<\/div><\/div><\/div><div class=\"card\"><div class=\"card-header accordion-header\" role=\"tab\" id=\"accordionHeader12\"><h5 class=\"mb-0\"><a class=\"d-flex align-items-center no-skin collapsed\" href=\"#\" data-toggle=\"collapse\" data-target=\"#accordionCollapse12\" aria-expanded=\"false\" aria-controls=\"accordionCollapse12\">Trastorno de la Conducta. Manejo NO farmacol\u00f3gico<\/a><\/h5><\/div><div class=\"collapse\" id=\"accordionCollapse12\" role=\"tabpanel\" data-parent=\"#accordion1\"><div class=\"card-body\"><p>[vc_column_text]Para descargar el contenido haz clic aqu\u00ed:<\/p>\n<p><a href=\"http:\/\/maralopezwortzman.com.ar\/wp-content\/uploads\/2023\/03\/manejo-no-farmacologico.pdf\">Manejo no farmacol\u00f3gico en personas con demencia.<\/a>[\/vc_column_text]<\/p>\n<\/div><\/div><\/div>\n<\/div><\/div>[\/vc_column][\/vc_row]<\/p>\n","protected":false},"excerpt":{"rendered":"<p>[vc_row css=\u00bb.vc_custom_1586783976710{padding-top: 50px !important;padding-bottom: 50px !important;}\u00bb][vc_column width=\u00bb2\/3&#8243; margin_spacement_sm=\u00bb0px \/ 0px \/ 0px \/ 0px\u00bb margin_spacement_xs=\u00bb0rem \/ 0rem \/ 3rem \/ 0rem\u00bb custom_spacement_margin_id=\u00bb5e8e2bba1b90e\u00bb offset=\u00bbvc_col-md-9&#8243;][\/vc_column][\/vc_row]<\/p>\n","protected":false},"author":1,"featured_media":0,"parent":0,"menu_order":0,"comment_status":"closed","ping_status":"closed","template":"","meta":[],"_links":{"self":[{"href":"https:\/\/maralopezwortzman.com.ar\/index.php\/wp-json\/wp\/v2\/pages\/4892"}],"collection":[{"href":"https:\/\/maralopezwortzman.com.ar\/index.php\/wp-json\/wp\/v2\/pages"}],"about":[{"href":"https:\/\/maralopezwortzman.com.ar\/index.php\/wp-json\/wp\/v2\/types\/page"}],"author":[{"embeddable":true,"href":"https:\/\/maralopezwortzman.com.ar\/index.php\/wp-json\/wp\/v2\/users\/1"}],"replies":[{"embeddable":true,"href":"https:\/\/maralopezwortzman.com.ar\/index.php\/wp-json\/wp\/v2\/comments?post=4892"}],"version-history":[{"count":34,"href":"https:\/\/maralopezwortzman.com.ar\/index.php\/wp-json\/wp\/v2\/pages\/4892\/revisions"}],"predecessor-version":[{"id":56392,"href":"https:\/\/maralopezwortzman.com.ar\/index.php\/wp-json\/wp\/v2\/pages\/4892\/revisions\/56392"}],"wp:attachment":[{"href":"https:\/\/maralopezwortzman.com.ar\/index.php\/wp-json\/wp\/v2\/media?parent=4892"}],"curies":[{"name":"wp","href":"https:\/\/api.w.org\/{rel}","templated":true}]}}